{"id":414,"date":"2023-09-19T13:59:45","date_gmt":"2023-09-19T13:59:45","guid":{"rendered":"https:\/\/rechtsanwaltskanzlei-schreiner.de\/?page_id=414"},"modified":"2026-03-14T11:27:46","modified_gmt":"2026-03-14T11:27:46","slug":"herr-anwalt-was-kostet-die-scheidung","status":"publish","type":"page","link":"https:\/\/rechtsanwaltskanzlei-schreiner.de\/?page_id=414","title":{"rendered":"FAQs"},"content":{"rendered":"\n<p>[<a href=\"#Fachanwalt\" data-type=\"internal\" data-id=\"#Fachanwalt\">Fachanwalt f\u00fcr Familienrecht, Fachmann, Experte &#8211; was ist der Unterschied?<\/a>]<\/p>\n\n\n\n<p>[ <a href=\"#dauer\" data-type=\"internal\" data-id=\"#dauer\">Wie lange dauert eine Scheidung in Deutschland?<\/a> ]<\/p>\n\n\n\n<p>[<a href=\"#Kosten\">Was kostet eine Scheidung?<\/a>]<\/p>\n\n\n\n<p>[<a href=\"#gemeinsameranwalt\">K\u00f6nnen wir einen gemeinsamen Anwalt f\u00fcr die Scheidung beauftragen?<\/a>]<\/p>\n\n\n\n<p>[<a href=\"#Getrenntleben\" data-type=\"internal\" data-id=\"#Getrenntleben\"> Wann liegt Getrenntleben im Sinne des BGB vor \u2013 und ist das auch in einer gemeinsamen Wohnung m\u00f6glich?<\/a>]<\/p>\n\n\n\n<p>[ <a href=\"#scheidungspapiere\" data-type=\"internal\" data-id=\"#scheidungspapiere\">Muss ich in Deutschland \u201eScheidungspapiere\u201c unterschreiben \u2013 wie man es aus den USA kennt?<\/a> ]<\/p>\n\n\n\n<p>[<a href=\"#Umgang\">Kann das Umgangsrecht verweigert werden, wenn der Ex-Partner keinen Unterhalt zahlt?<\/a>]<\/p>\n\n\n\n<p>[ <a href=\"#elterlichesorge\" data-type=\"internal\" data-id=\"#elterlichesorge\">Was ist der Unterschied zwischen elterlicher Sorge und Umgangsrecht?<\/a> ]<\/p>\n\n\n\n<p>[ <a href=\"#erwerbsobliegenheit\" data-type=\"internal\" datat-id=\"#erwerbsobliegenheit\">Mein Einkommen reicht nicht f\u00fcr alle unterhaltsberechtigten Kinder. Dann bekommen die Kinder einfach weniger Unterhalt, oder?<\/a> ]<\/p>\n\n\n\n<p>[<a href=\"#abgrenzungerstberatung\"> Was ist der Unterschied zwischen einer ersten anwaltlichen Beratung und der Erteilung eines Auftrags zur T\u00e4tigkeit des Anwalts nach au\u00dfen mit Vollmachtserteilung?<\/a> ]<\/p>\n\n\n\n<p>[<a href=\"#schadensersatz\" data-type=\"internal\" data-id=\"#schadensersatz\"> Ein anderer hat mein Eigentum besch\u00e4digt. Dann habe ich doch automatisch einen Anspruch auf Schadensersatz? <\/a>]<\/p>\n\n\n\n<p>[ <a href=\"#anspruechebeiverkehrsunfall\" data-type=\"internal\" data-id=\"#anspruechebeiverkehrsunfall\">Was steht mir nach einem Unfall zu?<\/a> ]<\/p>\n\n\n\n<p>[ <a href=\"#fiktiveabrechnung\" data-type=\"internal\" data-id=\"#fiktiveabrechnung\">Was ist der Unterschied zwischen fiktiver und konkreter Schadensabrechnung?<\/a> ]<\/p>\n\n\n\n<p>[ <a href=\"#anwaltbeiverkehrsunfall\" data-type=\"internal\" data-id=\"#anwaltbeiverkehrsunfall\">Warum brauche ich nach einem Verkehrsunfall einen Anwalt, wenn ich nicht schuld bin? <\/a>]<\/p>\n\n\n\n<p>&#8212;&#8212;&#8212;&#8212;&#8212;&#8212;&#8212;&#8212;&#8212;&#8212;&#8212;&#8212;&#8212;&#8212;&#8212;&#8212;&#8212;&#8212;&#8212;&#8212;&#8212;&#8212;&#8212;&#8212;&#8212;&#8212;&#8212;&#8212;&#8212;-<\/p>\n\n\n\n<p><\/p>\n\n\n\n<h2 class=\"wp-block-heading\" id=\"Fachanwalt\">Fachanwalt f\u00fcr Familienrecht, Fachmann, Experte &#8211; was ist der Unterschied?<\/h2>\n\n\n\n<p>Der Titel \u201eFachanwalt f\u00fcr Familienrecht\u201c ist eine gesch\u00fctzte Berufsbezeichnung, die von der Rechtsanwaltskammer verliehen wird. Nur wer nachweislich \u00fcber besondere theoretische Kenntnisse und praktische Erfahrungen im Familienrecht verf\u00fcgt, darf diesen Titel f\u00fchren. Dazu geh\u00f6ren u.\u202fa. umfassende Mandatsbearbeitungen in Bereichen wie Scheidung, Unterhalt, Sorgerecht und Verm\u00f6gensauseinandersetzung.<\/p>\n\n\n\n<p>Im Gegensatz dazu sind Begriffe wie \u201eExperte\u201c, &#8222;Profi&#8220;, &#8222;Scheidungsanwalt&#8220; oder \u201eFachmann\u201c rechtlich nicht gesch\u00fctzt \u2013 sie d\u00fcrfen auch ohne besondere Qualifikation verwendet werden.<\/p>\n\n\n\n<p>Ein Fachanwalt muss regelm\u00e4\u00dfig Fortbildungen besuchen und seine Qualifikation laufend aktualisieren, um den Titel behalten zu d\u00fcrfen.<\/p>\n\n\n\n<p>Mandanten erkennen an der Fachanwaltsbezeichnung also eine verbindliche Qualit\u00e4tsgarantie, die \u00fcber eine blo\u00dfe Selbsteinsch\u00e4tzung hinausgeht. Wer einen Fachanwalt beauftragt, kann sich auf nachweislich fundiertes Spezialwissen und langj\u00e4hrige Berufserfahrung verlassen.<\/p>\n\n\n\n<h2 class=\"wp-block-heading\" id=\"dauer\">Wie lange dauert eine Scheidung in Deutschland?<\/h2>\n\n\n\n<p>Die Dauer einer Scheidung h\u00e4ngt stark davon ab, ob sie einvernehmlich ist oder nicht. Bei einvernehmlichen Scheidungen mit gekl\u00e4rten Folgesachen (z.\u202fB. Unterhalt, Verm\u00f6gensauseinandersetzung, Zugewinn, Versorgungsausgleich) kann das gerichtliche Verfahren oft in sehr kurzer Zeit abgeschlossen werden. Wichtig: Auch f\u00fcr eine einvernehmliche Scheidung gilt das sogenannte Trennungsjahr \u2013 dieses muss abgelaufen sein, bevor die Scheidung ausgesprochen werden kann.<br>Bei einvernehmlichen Trennungen kann es daher sinnvoll sein, die Folgesachen in einer Scheidungsfolgenvereinbarung bereits vor Ablauf des Trennungsjahres schriftlich zu regeln \u2013 diese muss dann notariell beurkundet werden. <\/p>\n\n\n\n<h2 class=\"wp-block-heading\" id=\"Kosten\">Was kostet eine Scheidung?<\/h2>\n\n\n\n<p>Seri\u00f6serweise kann man das genau erst am Ende des Verfahrens sagen, worauf in unserer Kanzlei regelm\u00e4\u00dfig hingewiesen wird. Denn erst am Ende des Verfahrens setzt das Gericht endg\u00fcltig den Verfahrenswert fest, der nach dem Rechtsanwaltsverg\u00fctungsgesetz (RVG) f\u00fcr die Kosten von Anw\u00e4lten und Gericht ausschlaggebend ist.<\/p>\n\n\n\n<p>Aber es existieren nat\u00fcrlich Erfahrungswerte, die eine Prognose zulassen.<\/p>\n\n\n\n<p>Wichtig ist dabei folgendes: Der juristische Laie h\u00e4lt &#8222;Scheidung&#8220; h\u00e4ufig f\u00fcr den \u00dcberbegriff und meint damit auch Folgesachen wie Unterhalt, Zugewinn und Verm\u00f6gensauseinandersetzung.<\/p>\n\n\n\n<p>Das ist jedoch falsch.<\/p>\n\n\n\n<p>&#8222;Scheidung&#8220; im Fachjargon und im kostenrechtlichen Sinn ist nur der Vorgang, an dessen Ende Sie und Ihr bisheriger Ehepartner nicht mehr verheiratet, also geschieden, sind.<\/p>\n\n\n\n<p>&#8222;Extras&#8220; wie die Regelung des Unterhalts, des Zugewinns und der Verm\u00f6gensauseinandersetzung geh\u00f6ren kostenrechtlich nicht zur &#8222;Scheidung&#8220; und sind daher nicht &#8222;all inclusive&#8220;, sondern erh\u00f6hen die Verg\u00fctung des Rechtsanwalts. Dies ist auch angemessen, da der Anwalt zus\u00e4tzliche T\u00e4tigkeiten f\u00fcr Sie entfaltet.<\/p>\n\n\n\n<p>M\u00f6gliche Folgesachen k\u00f6nnen sein:<\/p>\n\n\n\n<ul class=\"wp-block-list\">\n<li>elterliche Sorge (Sorgerecht)<\/li>\n\n\n\n<li>Gesamtschuldnerausgleich (Aufteilung gemeinsamer Schulden)<\/li>\n\n\n\n<li>Verteilung des Hausrats<\/li>\n\n\n\n<li>Kindesunterhalt <\/li>\n\n\n\n<li>Trennungsunterhalt (Unterhalt f\u00fcr den Ehegatten bis zur Rechtskraft der Scheidung)<\/li>\n\n\n\n<li>nachehelicher Unterhalt (Unterhalt f\u00fcr den geschiedenen Ehegatten nach Rechtskraft der Scheidung)<\/li>\n\n\n\n<li>Umgang<\/li>\n\n\n\n<li>Verm\u00f6gensauseinandersetzung (Aufteilung gemeinsamen Verm\u00f6gens)<\/li>\n\n\n\n<li>Versorgungsausgleich<\/li>\n\n\n\n<li>Zugewinnausgleich (finanzieller Ausgleich der in der Ehezeit erworbenen unterschiedlichen Verm\u00f6genszuw\u00e4chse)<\/li>\n<\/ul>\n\n\n\n<p>  Die zu erwartenden Kosten h\u00e4ngen daher immer auch von Art und Umfang der neben der &#8222;Scheidung&#8220; zu regelnden Folgesachen ab. <\/p>\n\n\n\n<p>Auf Wunsch erstellt Ihnen unsere Kanzlei gerne eine Kostenprognose.<\/p>\n\n\n\n<p><\/p>\n\n\n\n<h2 class=\"wp-block-heading\" id=\"gemeinsameranwalt\">K\u00f6nnen wir einen gemeinsamen Anwalt f\u00fcr die Scheidung beauftragen?<\/h2>\n\n\n\n<p>Nein, es handelt sich dabei um ein M\u00e4rchen, das scheinbar unausl\u00f6schlich in den K\u00f6pfen juristischer Laien verankert ist. Ein Rechtsanwalt darf in Deutschland nicht beide Ehepartner vertreten. Das w\u00e4re ein Versto\u00df gegen das Verbot der Vertretung widerstreitender Interessen gem\u00e4\u00df \u00a7 43a Abs. 4 Bundesrechtsanwaltsordnung (BRAO). Ein Anwalt muss stets die Interessen (s)eines Mandanten wahren, was im Fall einer Scheidung nicht f\u00fcr beide Ehepartner gleichzeitig m\u00f6glich ist, da ihre Interessen potenziell gegens\u00e4tzlich sind.<\/p>\n\n\n\n<p>Einen &#8222;gemeinsamen Anwalt&#8220; im eigentlichen Sinne gibt es daher nicht. <\/p>\n\n\n\n<p>Allerdings besteht die M\u00f6glichkeit, dass nur ein Ehepartner im Scheidungsverfahren anwaltlich vertreten wird, w\u00e4hrend der andere ohne eigenen Anwalt agiert. Dies ist insbesondere bei einvernehmlichen Scheidungen der Fall, wenn sich beide Partner \u00fcber die Scheidungsfolgen einig sind. Dies f\u00fchrt h\u00e4ufig zu dem Missverst\u00e4ndnis, der beteiligte Anwalt sei der &#8222;gemeinsame&#8220; Anwalt.<\/p>\n\n\n\n<p>Der beteiligte Anwalt vertritt dabei jedoch ausschlie\u00dflich den Mandanten, der ihn beauftragt hat. Er darf den anderen Ehepartner nicht beraten oder dessen Interessen vertreten.<\/p>\n\n\n\n<p>L\u00e4dt Sie also Ihr Ehepartner zum Besuch eines &#8222;gemeinsamen&#8220; Anwalts ein, besteht die Gefahr, dass Sie &#8211; unerkannt &#8211; in ein Beratungsdefizit schlittern. <\/p>\n\n\n\n<h2 class=\"wp-block-heading\" id=\"Getrenntleben\">Wann liegt Getrenntleben im Sinne des BGB vor \u2013 und ist das auch in einer gemeinsamen Wohnung m\u00f6glich?<\/h2>\n\n\n\n<p>Das Getrenntleben ist Voraussetzung f\u00fcr die Scheidung und f\u00fcr zahlreiche Anspr\u00fcche im Familienrecht, etwa beim Trennungsunterhalt.<\/p>\n\n\n\n<p>Im Sinne des B\u00fcrgerlichen Gesetzbuches liegt ein Getrenntleben vor, wenn zwischen Ehegatten keine h\u00e4usliche Gemeinschaft mehr besteht und mindestens ein Ehepartner diese erkennbar nicht mehr herstellen will. <\/p>\n\n\n\n<p>Entscheidend ist nicht allein die r\u00e4umliche Trennung, sondern die Aufhebung der gemeinsamen Lebensf\u00fchrung. Auch innerhalb derselben Wohnung k\u00f6nnen Ehegatten getrennt leben, wenn jeder seinen eigenen Haushalt f\u00fchrt. Das bedeutet insbesondere: getrennte Schlafzimmer, getrennte Konten, getrennte Eink\u00e4ufe und keine gemeinsamen Freizeit- oder Haushaltsaktivit\u00e4ten. Gemeinsames Kochen, Waschen oder Wirtschaften spricht regelm\u00e4\u00dfig gegen ein Getrenntleben. <\/p>\n\n\n\n<p>Mit anderen Worten: &#8222;Getrennt von Tisch und Bett&#8220; reicht nicht. Es m\u00fcsste hei\u00dfen: &#8222;Getrennt von Tisch und Bett, K\u00fcche, Waschraum, Bank und Freizeit.&#8220;<\/p>\n\n\n\n<h2 class=\"wp-block-heading\" id=\"scheidungspapiere\">Muss ich in Deutschland \u201eScheidungspapiere\u201c unterschreiben \u2013 wie man es aus den USA kennt?<\/h2>\n\n\n\n<p>Nein. Anders als in den USA ist in Deutschland f\u00fcr eine Scheidung keine Unterschrift auf sogenannten \u201eScheidungspapieren\u201c erforderlich. Die Ehe wird hier ausschlie\u00dflich hoheitlich durch ein Familiengericht geschieden \u2013 und nicht durch private Vereinbarungen der Eheleute. Das bedeutet: Selbst wenn sich beide Partner einvernehmlich scheiden lassen wollen, muss mindestens einer der Ehegatten \u00fcber einen Anwalt einen offiziellen Scheidungsantrag bei Gericht stellen. Eine Unterschrift ist dabei nicht notwendig. Der andere Ehegatte kann der Scheidung entweder zustimmen oder Einw\u00e4nde vorbringen \u2013 aber die Entscheidung trifft in jedem Fall das Gericht.<\/p>\n\n\n\n<p>Zu unterschreiben ist lediglich eine Anwaltsvollmacht, damit der von Ihnen beauftragte Rechtsanwalt f\u00fcr Sie t\u00e4tig werden kann, wie man es aus allen anderen Rechtsgebieten auch kennt.<\/p>\n\n\n\n<h2 class=\"wp-block-heading\" id=\"Umgang\">Kann das Umgangsrecht verweigert werden, wenn der Ex-Partner keinen Unterhalt zahlt?<\/h2>\n\n\n\n<p>Nein. Das Umgangsrecht ist ein eigenst\u00e4ndiges Recht des Kindes (\u00a7 1684 BGB) und darf nicht als Druckmittel eingesetzt werden. Umgekehrt kann ein zahlungspflichtiger Elternteil auch nicht den Kindesunterhalt verweigern, wenn ihm vom anderen Elternteil der Umgang verweigert wird. <\/p>\n\n\n\n<p>Es gibt aber, wie so oft eine Ausnahme: Verweigert der das Kind betreuende Elternteil den Umgang grundlos und hat dieser Elternteil einen eigenen Unterhaltsanspruch, kann dies zu einem zumindest teilweisen Verlust des eigenen Unterhaltsanspruchs dieses Elternteils (nicht des Kindes!) f\u00fchren.<\/p>\n\n\n\n<p>Eine unbegr\u00fcndete Umgangsverweigerung kann daher zu Unterhaltseinbu\u00dfen des verweigernden Elternteils f\u00fchren!   <\/p>\n\n\n\n<h2 class=\"wp-block-heading\" id=\"erwerbsobliegenheit\">Mein Einkommen reicht nicht f\u00fcr alle unterhaltsberechtigten Kinder. Dann bekommen die Kinder einfach weniger Unterhalt, oder?<\/h2>\n\n\n\n<p>So einfach ist es leider nicht. Verst\u00f6\u00dft der Unterhaltsschuldner gegen Erwerbsobliegenheiten &#8211; er k\u00f6nnte also mehr Einkommen erzielen, wenn er wollte &#8211; kommt zu seinem Nachteil die Anrechnung fiktiver Eink\u00fcnfte aufgrund eines Versto\u00dfes gegen seine Erwerbsobliegenheiten in Betracht.<\/p>\n\n\n\n<p>Zur Sicherstellung des Regelbedarfs minderj\u00e4hriger Kinder besteht sogar eine gesteigerte Obliegenheit zur Aus\u00fcbung einer vollschichtigen Erwebst\u00e4tigkeit<br>von bis zu 48 Wochenstunden (\u00a7 1603 Abs. 2 BGB). lm Falle einer Besch\u00e4ftigung von weniger als 40 Stunden pro Woche bei einem Arbeitgeber kommt zudem eine Obliegenheit des Unterhaltsschuldners zur Aufnahme einer Nebent\u00e4tigkeit in Betracht, sofern eine solche im Einzelfall zumutbar und nicht unverh\u00e4ltnism\u00e4\u00dfig ist. <\/p>\n\n\n\n<p>Der Sinn und Zweck ist die Sicherstellung des Mindestunterhalts f\u00fcr alle betroffenen Kinder. Der Unterhaltsschuldner, i.d.R. der Vater, kann sich also nicht ohne Weiteres auf einem zu geringen Einkommen &#8222;ausruhen&#8220;. <\/p>\n\n\n\n<h2 class=\"wp-block-heading\" id=\"elterlichesorge\">Was ist der Unterschied zwischen elterlicher Sorge und Umgangsrecht?<\/h2>\n\n\n\n<p>Die elterliche Sorge umfasst das Recht und die Pflicht, f\u00fcr das Kind Entscheidungen zu treffen \u2013 etwa in den Bereichen Gesundheitsf\u00fcrsorge, schulische Belange, Recht zur Beantragung von SGB-II-Leistungen, Recht der religi\u00f6sen Erziehung, Recht zur Vertretung gegen\u00fcber Beh\u00f6rden und Gerichten und in Verm\u00f6gensangelegenheiten. <\/p>\n\n\n\n<p>Das Umgangsrecht ist das Recht des Kindes \u2013 und der Eltern \u2013, Zeit miteinander zu verbringen und pers\u00f6nlichen Kontakt zu pflegen. Umgangs- und Sorgerecht bestehen unabh\u00e4ngig voneinander. Es ist m\u00f6glich, dass ein Elternteil die elterliche Sorge hat, aber kein Umgangsrecht (z.B. weil das Kind den Elternteil ablehnt). Es ist ebenso m\u00f6glich, dass ein Elternteil ein Umgangsrecht hat, aber nicht die elterliche Sorge (z.B. weil Zweifel an der Erziehungsf\u00e4higkeit des Elternteils bestehen, dieser Elternteil aber sein Kind nat\u00fcrlich trotzdem sehen darf). <\/p>\n\n\n\n<p>W\u00e4hrend sich die elterliche Sorge meist nur in wenigen, aber einschneidenden Entwicklungsphasen des Kindes auswirkt (unvorhersehbare Operationen, Schulwechsel, Wechsel der Religion usw., siehe oben), geht es beim Umgangsrecht um den allt\u00e4glichen oder allw\u00f6chentlichen Kontakt zwischen Elternteil und Kind.<\/p>\n\n\n\n<h2 class=\"wp-block-heading\" id=\"abgrenzungerstberatung\">Was ist der Unterschied zwischen einer ersten anwaltlichen Beratung und der Erteilung eines Auftrags zur T\u00e4tigkeit des Anwalts nach au\u00dfen mit Vollmachtserteilung?<\/h2>\n\n\n\n<p>Bei einer Erstberatung erkl\u00e4rt der Anwalt dem Mandanten im pers\u00f6nlichen Gespr\u00e4ch, wie die rechtliche Situation einzusch\u00e4tzen ist und welche Schritte m\u00f6glich w\u00e4ren. Der Anwalt wird dabei nicht nach au\u00dfen t\u00e4tig, sondern ber\u00e4t nur im Innenverh\u00e4ltnis. Der Mandant entscheidet anschlie\u00dfend selbst, ob und wie er die besprochenen Schritte eigenst\u00e4ndig \u2013 also im Sinne eines \u201eDo it yourself\u201c \u2013 umsetzt.<\/p>\n\n\n\n<p>Anders ist es bei der T\u00e4tigkeit nach au\u00dfen mit Vollmachtserteilung: Hier beauftragt der Mandant den Anwalt, in seinem Namen t\u00e4tig zu werden, z. B. ein Forderungsschreiben zu verfassen, eine Klage einzureichen oder auf ein gerichtliches Schreiben zu reagieren. F\u00fcr diese Vertretung fallen h\u00f6here Geb\u00fchren an als bei einer reinen Erstberatung, in der Regel mindestens eine Gesch\u00e4ftsgeb\u00fchr nach dem Rechtsanwaltsverg\u00fctungsgesetz (RVG). Dies ist auch angemessen, da die T\u00e4tigkeiten des Rechtsanwalts umfassender sind als bei einer reinen Erstberatung.<\/p>\n\n\n\n<p>Ob das eine oder das andere vorliegt, richtet sich nach dem dem Rechtsanwalt vom Mandanten erteilten Auftrag.<\/p>\n\n\n\n<p>So bleibt f\u00fcr Sie von Anfang an klar, welche Leistungen Sie erhalten und welche Kosten entstehen.<\/p>\n\n\n\n<h2 class=\"wp-block-heading\" id=\"schadensersatz\">Ein anderer hat mein Eigentum besch\u00e4digt. Dann habe ich doch automatisch einen Anspruch auf Schadensersatz?<\/h2>\n\n\n\n<p>Leider nein. Denn nicht in jedem Fall f\u00fchrt eine Besch\u00e4digung automatisch zu einem Anspruch auf Schadensersatz. <\/p>\n\n\n\n<p>Entscheidend ist erstens die Kausalit\u00e4t \u2013 also ob die Handlung des anderen tats\u00e4chlich urs\u00e4chlich f\u00fcr den Schaden war im naturwissenschaftlichen Sinne von Ursache und Wirkung. Zweitens muss auch ein Verschulden des Anspruchsgegners vorliegen. Verschulden bedeutet <em>Vorwerfbarkeit<\/em>. Das Handeln, das zur Besch\u00e4digung gef\u00fchrt hat, muss dem anderen also auch vorwerfbar sein. Damit ist gemeint, dass der Sch\u00e4diger den Schaden entweder vors\u00e4tzlich (bewusst und gewollt) oder zumindest fahrl\u00e4ssig (weil er nicht die n\u00f6tige Sorgfalt beachtet hat) verursacht hat.<\/p>\n\n\n\n<p>Nur wenn Kausalit\u00e4t und Verschulden zusammenkommen, besteht in der Regel ein Anspruch.<\/p>\n\n\n\n<p>Beweispflichtig f\u00fcr Kausalit\u00e4t und Verschulden ist in der Regel der Anspruchsteller. Er muss also beweisen (k\u00f6nnen), dass den vermeintlichen Sch\u00e4diger auch ein Verschulden trifft. Dazu muss er darlegen k\u00f6nnen, worin ein Pflichtenversto\u00df des vermeintlichen Sch\u00e4digers lag oder wie der vermeintliche Sch\u00e4diger den Schadenseintritt verhindern h\u00e4tte k\u00f6nnen.<\/p>\n\n\n\n<blockquote class=\"wp-block-quote is-layout-flow wp-block-quote-is-layout-flow\">\n<p>Ein Beispiel:  <\/p>\n\n\n\n<p>Ein Dachziegel l\u00f6st sich bei starkem Sturm und besch\u00e4digt ein geparktes Auto.<br>Kausalit\u00e4t? Der Dachziegel verursacht den Schaden eindeutig. Die Kausalit\u00e4t ist unproblematisch gegeben.<br>Verschulden? Entscheidend ist, ob es dem Hauseigent\u00fcmer vorwerfbar ist, dass sich der Dachziegel gel\u00f6st hat. Ihn trifft kein Verschulden, wenn das Dach ordnungsgem\u00e4\u00df gewartet war und ein au\u00dfergew\u00f6hnlich starker Sturm vorlag. Ihn trifft aber ein Verschulden, wenn er bekannte M\u00e4ngel am Dach ignoriert hat. Letzteres ist h\u00e4ufig ein Beweisproblem!<\/p>\n<\/blockquote>\n\n\n\n<p>Nur in wenigen Ausnahmef\u00e4llen greifen besondere gesetzliche Haftungstatbest\u00e4nde, die auch ohne Verschulden gelten und die &#8211; wie bereits ausgef\u00fchrt &#8211; die absolute Ausnahme darstellen in unserem Rechtssystem.<\/p>\n\n\n\n<h2 class=\"wp-block-heading\" id=\"anspruechebeiverkehrsunfall\">Was steht mir nach einem Verkehrsunfall zu?<\/h2>\n\n\n\n<p>Je nach Schaden k\u00f6nnen Sie Reparaturkosten, Nutzungsausfall, Mietwagenkosten, Schmerzensgeld, Verdienstausfall und mehr geltend machen. Wir \u00fcbernehmen die komplette Regulierung \u2013 professionell, schnell und ohne das Risiko, dass Sie Schadenspositionen aus Unkenntnis nicht geltend machen zur Freude der gegnerischen Versicherung.<\/p>\n\n\n\n<h2 class=\"wp-block-heading\" id=\"fiktiveabrechnung\">Was ist der Unterschied zwischen fiktiver und konkreter Schadensabrechnung?<\/h2>\n\n\n\n<p>Nach einem Verkehrsunfall k\u00f6nnen Sie Ihren Schaden auf zwei Arten abrechnen: fiktiv oder konkret.<br>Bei der konkreten Abrechnung lassen Sie das Fahrzeug tats\u00e4chlich reparieren oder kaufen ein Ersatzfahrzeug \u2013 die Versicherung erstattet die tats\u00e4chlich angefallenen Kosten, einschlie\u00dflich der Mehrwertsteuer.<br>Bei der fiktiven Abrechnung dagegen verzichten Sie auf eine Reparatur und lassen sich den Schaden auf Basis eines Gutachtens oder Kostenvoranschlags auszahlen. In diesem Fall erhalten Sie nur den Netto-Betrag, also ohne Mehrwertsteuer. Die Mehrwertsteuer wird nur ersetzt, wenn sie tats\u00e4chlich angefallen ist, etwa durch eine Reparaturrechnung oder beim Kauf eines Ersatzfahrzeugs. Diese Regel soll verhindern, dass Gesch\u00e4digte einen steuerlichen Vorteil aus einer fiktiven Abrechnung ziehen.<br>Welche Abrechnungsart f\u00fcr Sie wirtschaftlich sinnvoller ist, h\u00e4ngt vom Einzelfall ab \u2013 wir beraten Sie gern, welche Variante sich in Ihrem Fall lohnt.<\/p>\n\n\n\n<h2 class=\"wp-block-heading\" id=\"anwaltbeiverkehrsunfall\">Warum brauche ich nach einem Verkehrsunfall einen Anwalt, wenn ich nicht schuld bin?<\/h2>\n\n\n\n<p>Auch bei klarer Schuld des Unfallgegners versuchen Versicherungen oft, Schadensersatz zu k\u00fcrzen. Ihre Anwaltskosten tr\u00e4gt in der Regel die gegnerische Versicherung. Wir sorgen daf\u00fcr, dass Sie bekommen, was Ihnen zusteht \u2013 vollst\u00e4ndig und z\u00fcgig.<\/p>\n\n\n\n<p><\/p>\n","protected":false},"excerpt":{"rendered":"<p>[Fachanwalt f\u00fcr Familienrecht, Fachmann, Experte &#8211; was ist der Unterschied?] [ Wie lange dauert eine Scheidung in Deutschland? ] [Was kostet eine Scheidung?] [K\u00f6nnen wir einen gemeinsamen Anwalt f\u00fcr die Scheidung beauftragen?] [ Wann liegt Getrenntleben im Sinne des BGB vor \u2013 und ist das auch in einer gemeinsamen Wohnung m\u00f6glich?] [ Muss ich in [&hellip;]<\/p>\n","protected":false},"author":1,"featured_media":0,"parent":0,"menu_order":9,"comment_status":"closed","ping_status":"closed","template":"","meta":{"footnotes":""},"class_list":["post-414","page","type-page","status-publish","hentry"],"_links":{"self":[{"href":"https:\/\/rechtsanwaltskanzlei-schreiner.de\/index.php?rest_route=\/wp\/v2\/pages\/414","targetHints":{"allow":["GET"]}}],"collection":[{"href":"https:\/\/rechtsanwaltskanzlei-schreiner.de\/index.php?rest_route=\/wp\/v2\/pages"}],"about":[{"href":"https:\/\/rechtsanwaltskanzlei-schreiner.de\/index.php?rest_route=\/wp\/v2\/types\/page"}],"author":[{"embeddable":true,"href":"https:\/\/rechtsanwaltskanzlei-schreiner.de\/index.php?rest_route=\/wp\/v2\/users\/1"}],"replies":[{"embeddable":true,"href":"https:\/\/rechtsanwaltskanzlei-schreiner.de\/index.php?rest_route=%2Fwp%2Fv2%2Fcomments&post=414"}],"version-history":[{"count":78,"href":"https:\/\/rechtsanwaltskanzlei-schreiner.de\/index.php?rest_route=\/wp\/v2\/pages\/414\/revisions"}],"predecessor-version":[{"id":996,"href":"https:\/\/rechtsanwaltskanzlei-schreiner.de\/index.php?rest_route=\/wp\/v2\/pages\/414\/revisions\/996"}],"wp:attachment":[{"href":"https:\/\/rechtsanwaltskanzlei-schreiner.de\/index.php?rest_route=%2Fwp%2Fv2%2Fmedia&parent=414"}],"curies":[{"name":"wp","href":"https:\/\/api.w.org\/{rel}","templated":true}]}}