{"id":527,"date":"2024-06-01T12:23:23","date_gmt":"2024-06-01T12:23:23","guid":{"rendered":"https:\/\/rechtsanwaltskanzlei-schreiner.de\/?page_id=527"},"modified":"2026-03-14T11:58:18","modified_gmt":"2026-03-14T11:58:18","slug":"kontakt","status":"publish","type":"page","link":"https:\/\/rechtsanwaltskanzlei-schreiner.de\/?page_id=527","title":{"rendered":">> Termin beim Rechtsanwalt vereinbaren"},"content":{"rendered":"\n<p>Sie m\u00f6chten einen Termin bei einem Rechtsanwalt vereinbaren und eine kompetente rechtliche Beratung erhalten? In meiner Kanzlei in Burglengenfeld k\u00f6nnen Sie Ihren Beratungstermin schnell und unkompliziert vereinbaren.<\/p>\n\n\n\n<p>Ich berate Mandanten insbesondere im Familienrecht sowie in ausgew\u00e4hlten weiteren Rechtsgebieten. Termine k\u00f6nnen Sie ganz einfach telefonisch, per E-Mail oder bequem online buchen.<\/p>\n\n\n\n<h2 class=\"wp-block-heading\">Telefonische Terminvereinbarung<\/h2>\n\n\n\n<p>Gerne vereinbare ich Ihren Termin telefonisch w\u00e4hrend der B\u00fcrozeiten.<\/p>\n\n\n\n<p>\ud83d\udcde Telefon: <a href=\"tel:094716001881\">09471 6001881<\/a><\/p>\n\n\n\n<p>Ein kurzer Anruf gen\u00fcgt, um einen passenden Beratungstermin zu finden.<\/p>\n\n\n\n<h2 class=\"wp-block-heading\">Online-Terminvereinbarung \u2013 rund um die Uhr<\/h2>\n\n\n\n<p>Besonders flexibel ist die Online-Terminvereinbarung. \u00dcber das Buchungssystem k\u00f6nnen Sie jederzeit einen freien Termin ausw\u00e4hlen \u2013 unabh\u00e4ngig von den B\u00fcrozeiten der Kanzlei.<\/p>\n\n\n\n<p>\u27a1 <a href=\"https:\/\/calendly.com\/ra-albin-schreiner-rechtsanwaelte-schreiner-und-schreiner\/besprechungstermin?month=2026-03\" target=\"_blank\" rel=\"noreferrer noopener\">Online-Termin vereinbaren<\/a><\/p>\n\n\n\n<p>Der Termin kann 24 Stunden t\u00e4glich und 7 Tage pro Woche gebucht werden. Nach der Reservierung erhalten Sie automatisch eine Best\u00e4tigung per E-Mail.<\/p>\n\n\n\n<h2 class=\"wp-block-heading\">Terminanfrage per E-Mail<\/h2>\n\n\n\n<p>Sie k\u00f6nnen Ihren Terminwunsch auch per E-Mail \u00fcbermitteln.<\/p>\n\n\n\n<p>\ud83d\udce7 <a href=\"mailto:sekretariat@rechtsanwaltskanzlei-schreiner.de\">sekretariat@rechtsanwaltskanzlei-schreiner.de<\/a><\/p>\n\n\n\n<p>Bitte schildern Sie kurz Ihr Anliegen und teilen Sie m\u00f6glichst auch Ihren Terminwunsch mit. Ich melde mich zeitnah mit einer Terminbest\u00e4tigung oder einem alternativen Vorschlag.<\/p>\n\n\n\n<h2 class=\"wp-block-heading\">Pers\u00f6nliche Beratung<\/h2>\n\n\n\n<p>In einem ersten Beratungsgespr\u00e4ch kl\u00e4re ich mit Ihnen insbesondere<\/p>\n\n\n\n<ul class=\"wp-block-list\">\n<li>Ihre rechtliche Ausgangssituation<\/li>\n\n\n\n<li>m\u00f6gliche Handlungsoptionen<\/li>\n\n\n\n<li>die n\u00e4chsten sinnvollen Schritte<\/li>\n<\/ul>\n\n\n\n<p>So erhalten Sie eine klare rechtliche Einsch\u00e4tzung und k\u00f6nnen fundiert entscheiden, wie Sie weiter vorgehen m\u00f6chten.<\/p>\n\n\n\n<p>Bitte beachten Sie auch unsere Seite:<\/p>\n\n\n\n<p>&gt;&gt; <a href=\"https:\/\/rechtsanwaltskanzlei-schreiner.de\/?page_id=460\" data-type=\"page\" data-id=\"460\">Bitte mitbringen<\/a><\/p>\n","protected":false},"excerpt":{"rendered":"<p>Sie m\u00f6chten einen Termin bei einem Rechtsanwalt vereinbaren und eine kompetente rechtliche Beratung erhalten? In meiner Kanzlei in Burglengenfeld k\u00f6nnen Sie Ihren Beratungstermin schnell und unkompliziert vereinbaren. Ich berate Mandanten insbesondere im Familienrecht sowie in ausgew\u00e4hlten weiteren Rechtsgebieten. Termine k\u00f6nnen Sie ganz einfach telefonisch, per E-Mail oder bequem online buchen. Telefonische Terminvereinbarung Gerne vereinbare ich [&hellip;]<\/p>\n","protected":false},"author":1,"featured_media":0,"parent":0,"menu_order":8,"comment_status":"closed","ping_status":"closed","template":"","meta":{"footnotes":""},"class_list":["post-527","page","type-page","status-publish","hentry"],"_links":{"self":[{"href":"https:\/\/rechtsanwaltskanzlei-schreiner.de\/index.php?rest_route=\/wp\/v2\/pages\/527","targetHints":{"allow":["GET"]}}],"collection":[{"href":"https:\/\/rechtsanwaltskanzlei-schreiner.de\/index.php?rest_route=\/wp\/v2\/pages"}],"about":[{"href":"https:\/\/rechtsanwaltskanzlei-schreiner.de\/index.php?rest_route=\/wp\/v2\/types\/page"}],"author":[{"embeddable":true,"href":"https:\/\/rechtsanwaltskanzlei-schreiner.de\/index.php?rest_route=\/wp\/v2\/users\/1"}],"replies":[{"embeddable":true,"href":"https:\/\/rechtsanwaltskanzlei-schreiner.de\/index.php?rest_route=%2Fwp%2Fv2%2Fcomments&post=527"}],"version-history":[{"count":70,"href":"https:\/\/rechtsanwaltskanzlei-schreiner.de\/index.php?rest_route=\/wp\/v2\/pages\/527\/revisions"}],"predecessor-version":[{"id":1076,"href":"https:\/\/rechtsanwaltskanzlei-schreiner.de\/index.php?rest_route=\/wp\/v2\/pages\/527\/revisions\/1076"}],"wp:attachment":[{"href":"https:\/\/rechtsanwaltskanzlei-schreiner.de\/index.php?rest_route=%2Fwp%2Fv2%2Fmedia&parent=527"}],"curies":[{"name":"wp","href":"https:\/\/api.w.org\/{rel}","templated":true}]}}